{"id":28,"date":"2023-09-03T20:49:35","date_gmt":"2023-09-03T20:49:35","guid":{"rendered":"https:\/\/opencnc.mx\/wordpress\/?page_id=28"},"modified":"2023-09-04T02:41:55","modified_gmt":"2023-09-04T02:41:55","slug":"inicio","status":"publish","type":"page","link":"https:\/\/opencnc.mx\/wordpress\/","title":{"rendered":"Inicio"},"content":{"rendered":"\t\t<div data-elementor-type=\"wp-page\" data-elementor-id=\"28\" class=\"elementor elementor-28\">\n\t\t\t\t\t\t\t\t\t<section class=\"elementor-section elementor-top-section elementor-element elementor-element-da2d161 elementor-section-height-min-height elementor-section-boxed elementor-section-height-default elementor-section-items-middle\" data-id=\"da2d161\" data-element_type=\"section\" data-settings=\"{&quot;background_background&quot;:&quot;slideshow&quot;,&quot;background_slideshow_gallery&quot;:[{&quot;id&quot;:75,&quot;url&quot;:&quot;https:\\\/\\\/opencnc.mx\\\/wordpress\\\/wp-content\\\/uploads\\\/2023\\\/09\\\/FotoCNCsuperior3000-scaled.jpg&quot;}],&quot;background_slideshow_ken_burns&quot;:&quot;yes&quot;,&quot;background_slideshow_loop&quot;:&quot;yes&quot;,&quot;background_slideshow_slide_duration&quot;:5000,&quot;background_slideshow_slide_transition&quot;:&quot;fade&quot;,&quot;background_slideshow_transition_duration&quot;:500,&quot;background_slideshow_ken_burns_zoom_direction&quot;:&quot;in&quot;}\">\n\t\t\t\t\t\t\t<div class=\"elementor-background-overlay\"><\/div>\n\t\t\t\t\t\t\t<div class=\"elementor-container elementor-column-gap-default\">\n\t\t\t\t\t<div class=\"elementor-column elementor-col-50 elementor-top-column elementor-element elementor-element-dadbd42\" data-id=\"dadbd42\" data-element_type=\"column\">\n\t\t\t<div class=\"elementor-widget-wrap elementor-element-populated\">\n\t\t\t\t\t\t\t\t<div class=\"elementor-element elementor-element-d7f843c elementor-widget elementor-widget-heading\" data-id=\"d7f843c\" data-element_type=\"widget\" data-widget_type=\"heading.default\">\n\t\t\t\t<div class=\"elementor-widget-container\">\n\t\t\t<style>\/*! elementor - v3.15.0 - 20-08-2023 *\/\n.elementor-heading-title{padding:0;margin:0;line-height:1}.elementor-widget-heading .elementor-heading-title[class*=elementor-size-]>a{color:inherit;font-size:inherit;line-height:inherit}.elementor-widget-heading .elementor-heading-title.elementor-size-small{font-size:15px}.elementor-widget-heading .elementor-heading-title.elementor-size-medium{font-size:19px}.elementor-widget-heading .elementor-heading-title.elementor-size-large{font-size:29px}.elementor-widget-heading .elementor-heading-title.elementor-size-xl{font-size:39px}.elementor-widget-heading .elementor-heading-title.elementor-size-xxl{font-size:59px}<\/style><h2 class=\"elementor-heading-title elementor-size-default\">OpenCNC Starter<\/h2>\t\t<\/div>\n\t\t\t\t<\/div>\n\t\t\t\t<div class=\"elementor-element elementor-element-ef881d7 elementor-widget elementor-widget-text-editor\" data-id=\"ef881d7\" data-element_type=\"widget\" data-widget_type=\"text-editor.default\">\n\t\t\t\t<div class=\"elementor-widget-container\">\n\t\t\t<style>\/*! elementor - v3.15.0 - 20-08-2023 *\/\n.elementor-widget-text-editor.elementor-drop-cap-view-stacked .elementor-drop-cap{background-color:#69727d;color:#fff}.elementor-widget-text-editor.elementor-drop-cap-view-framed .elementor-drop-cap{color:#69727d;border:3px solid;background-color:transparent}.elementor-widget-text-editor:not(.elementor-drop-cap-view-default) .elementor-drop-cap{margin-top:8px}.elementor-widget-text-editor:not(.elementor-drop-cap-view-default) .elementor-drop-cap-letter{width:1em;height:1em}.elementor-widget-text-editor .elementor-drop-cap{float:left;text-align:center;line-height:1;font-size:50px}.elementor-widget-text-editor .elementor-drop-cap-letter{display:inline-block}<\/style>\t\t\t\t<p>Tu puerta al mundo del CNC est\u00e1 aqu\u00ed. Compacta, accesible y ultra flexible: c\u00f3mprala completa, en partes, o constr\u00fayela t\u00fa mismo. Proyecto abierto para todos.&nbsp;<\/p>\t\t\t\t\t\t<\/div>\n\t\t\t\t<\/div>\n\t\t\t\t<div class=\"elementor-element elementor-element-2de48c8 elementor-align-left elementor-widget elementor-widget-button\" data-id=\"2de48c8\" data-element_type=\"widget\" data-widget_type=\"button.default\">\n\t\t\t\t<div class=\"elementor-widget-container\">\n\t\t\t\t\t<div class=\"elementor-button-wrapper\">\n\t\t\t<a class=\"elementor-button elementor-button-link elementor-size-sm elementor-animation-pulse-grow\" href=\"https:\/\/opencnc.mx\/wordpress\/index.php\/opencnc-starter\/\">\n\t\t\t\t\t\t<span class=\"elementor-button-content-wrapper\">\n\t\t\t\t\t\t<span class=\"elementor-button-text\">Ver Mas!<\/span>\n\t\t<\/span>\n\t\t\t\t\t<\/a>\n\t\t<\/div>\n\t\t\t\t<\/div>\n\t\t\t\t<\/div>\n\t\t\t\t\t<\/div>\n\t\t<\/div>\n\t\t\t\t<div class=\"elementor-column elementor-col-50 elementor-top-column elementor-element elementor-element-c03ff58\" data-id=\"c03ff58\" data-element_type=\"column\">\n\t\t\t<div class=\"elementor-widget-wrap\">\n\t\t\t\t\t\t\t\t\t<\/div>\n\t\t<\/div>\n\t\t\t\t\t\t\t<\/div>\n\t\t<\/section>\n\t\t\t\t<section class=\"elementor-section elementor-top-section elementor-element elementor-element-b8bead5 elementor-section-boxed elementor-section-height-default elementor-section-height-default\" data-id=\"b8bead5\" data-element_type=\"section\">\n\t\t\t\t\t\t<div class=\"elementor-container elementor-column-gap-default\">\n\t\t\t\t\t<div class=\"elementor-column elementor-col-33 elementor-top-column elementor-element elementor-element-f44047c\" data-id=\"f44047c\" data-element_type=\"column\">\n\t\t\t<div class=\"elementor-widget-wrap elementor-element-populated\">\n\t\t\t\t\t\t\t\t<div class=\"elementor-element elementor-element-58c9ab5 elementor-position-top elementor-widget elementor-widget-image-box\" data-id=\"58c9ab5\" data-element_type=\"widget\" data-widget_type=\"image-box.default\">\n\t\t\t\t<div class=\"elementor-widget-container\">\n\t\t\t<style>\/*! elementor - v3.15.0 - 20-08-2023 *\/\n.elementor-widget-image-box .elementor-image-box-content{width:100%}@media (min-width:768px){.elementor-widget-image-box.elementor-position-left .elementor-image-box-wrapper,.elementor-widget-image-box.elementor-position-right .elementor-image-box-wrapper{display:flex}.elementor-widget-image-box.elementor-position-right .elementor-image-box-wrapper{text-align:right;flex-direction:row-reverse}.elementor-widget-image-box.elementor-position-left .elementor-image-box-wrapper{text-align:left;flex-direction:row}.elementor-widget-image-box.elementor-position-top .elementor-image-box-img{margin:auto}.elementor-widget-image-box.elementor-vertical-align-top .elementor-image-box-wrapper{align-items:flex-start}.elementor-widget-image-box.elementor-vertical-align-middle .elementor-image-box-wrapper{align-items:center}.elementor-widget-image-box.elementor-vertical-align-bottom .elementor-image-box-wrapper{align-items:flex-end}}@media (max-width:767px){.elementor-widget-image-box .elementor-image-box-img{margin-left:auto!important;margin-right:auto!important;margin-bottom:15px}}.elementor-widget-image-box .elementor-image-box-img{display:inline-block}.elementor-widget-image-box .elementor-image-box-title a{color:inherit}.elementor-widget-image-box .elementor-image-box-wrapper{text-align:center}.elementor-widget-image-box .elementor-image-box-description{margin:0}<\/style><div class=\"elementor-image-box-wrapper\"><figure class=\"elementor-image-box-img\"><img loading=\"lazy\" decoding=\"async\" width=\"300\" height=\"165\" src=\"https:\/\/opencnc.mx\/wordpress\/wp-content\/uploads\/2023\/09\/garagecreativo-logo-300x165.png\" class=\"attachment-medium size-medium wp-image-130\" alt=\"\" srcset=\"https:\/\/opencnc.mx\/wordpress\/wp-content\/uploads\/2023\/09\/garagecreativo-logo-300x165.png 300w, https:\/\/opencnc.mx\/wordpress\/wp-content\/uploads\/2023\/09\/garagecreativo-logo-768x424.png 768w, https:\/\/opencnc.mx\/wordpress\/wp-content\/uploads\/2023\/09\/garagecreativo-logo.png 959w\" sizes=\"auto, (max-width: 300px) 100vw, 300px\" \/><\/figure><div class=\"elementor-image-box-content\"><h3 class=\"elementor-image-box-title\">El Garage Creativo<\/h3><p class=\"elementor-image-box-description\">Opencnc.mx: Fundado para compartir abiertamente los innovadores proyectos de nuestro canal en YouTube, \"El Garage Creativo\", y para todos aquellos apasionados por intercambiar y difundir conocimiento.<\/p><\/div><\/div>\t\t<\/div>\n\t\t\t\t<\/div>\n\t\t\t\t\t<\/div>\n\t\t<\/div>\n\t\t\t\t<div class=\"elementor-column elementor-col-33 elementor-top-column elementor-element elementor-element-1591f3e\" data-id=\"1591f3e\" data-element_type=\"column\">\n\t\t\t<div class=\"elementor-widget-wrap elementor-element-populated\">\n\t\t\t\t\t\t\t\t<div class=\"elementor-element elementor-element-34e8440 elementor-position-top elementor-widget elementor-widget-image-box\" data-id=\"34e8440\" data-element_type=\"widget\" data-widget_type=\"image-box.default\">\n\t\t\t\t<div class=\"elementor-widget-container\">\n\t\t\t<div class=\"elementor-image-box-wrapper\"><figure class=\"elementor-image-box-img\"><img loading=\"lazy\" decoding=\"async\" width=\"300\" height=\"300\" src=\"https:\/\/opencnc.mx\/wordpress\/wp-content\/uploads\/2023\/09\/1087815-300x300.png\" class=\"attachment-medium size-medium wp-image-134\" alt=\"\" srcset=\"https:\/\/opencnc.mx\/wordpress\/wp-content\/uploads\/2023\/09\/1087815-300x300.png 300w, https:\/\/opencnc.mx\/wordpress\/wp-content\/uploads\/2023\/09\/1087815-150x150.png 150w, https:\/\/opencnc.mx\/wordpress\/wp-content\/uploads\/2023\/09\/1087815.png 512w\" sizes=\"auto, (max-width: 300px) 100vw, 300px\" \/><\/figure><div class=\"elementor-image-box-content\"><h3 class=\"elementor-image-box-title\">Desata Tu Potencial<\/h3><p class=\"elementor-image-box-description\">Proyectos de acceso libre para entusiastas: descubre planos detallados, diagramas precisos, modelos en 3D y tutoriales en video para ensamblaje.<\/p><\/div><\/div>\t\t<\/div>\n\t\t\t\t<\/div>\n\t\t\t\t\t<\/div>\n\t\t<\/div>\n\t\t\t\t<div class=\"elementor-column elementor-col-33 elementor-top-column elementor-element elementor-element-b0dcdd8\" data-id=\"b0dcdd8\" data-element_type=\"column\">\n\t\t\t<div class=\"elementor-widget-wrap elementor-element-populated\">\n\t\t\t\t\t\t\t\t<div class=\"elementor-element elementor-element-c8beea8 elementor-position-top elementor-widget elementor-widget-image-box\" data-id=\"c8beea8\" data-element_type=\"widget\" data-widget_type=\"image-box.default\">\n\t\t\t\t<div class=\"elementor-widget-container\">\n\t\t\t<div class=\"elementor-image-box-wrapper\"><figure class=\"elementor-image-box-img\"><img loading=\"lazy\" decoding=\"async\" width=\"300\" height=\"300\" src=\"https:\/\/opencnc.mx\/wordpress\/wp-content\/uploads\/2023\/09\/heart-300x300.png\" class=\"attachment-medium size-medium wp-image-146\" alt=\"\" srcset=\"https:\/\/opencnc.mx\/wordpress\/wp-content\/uploads\/2023\/09\/heart-300x300.png 300w, https:\/\/opencnc.mx\/wordpress\/wp-content\/uploads\/2023\/09\/heart-150x150.png 150w, https:\/\/opencnc.mx\/wordpress\/wp-content\/uploads\/2023\/09\/heart.png 665w\" sizes=\"auto, (max-width: 300px) 100vw, 300px\" \/><\/figure><div class=\"elementor-image-box-content\"><h3 class=\"elementor-image-box-title\">Pasi\u00f3n Aut\u00e9ntica Compartida<\/h3><p class=\"elementor-image-box-description\">Creado por apasionados que comprenden tu pasi\u00f3n. Buscamos enriquecer a la comunidad entusiasta, con compromiso y experiencia en cada obra. Genuinamente, de entusiastas para entusiastas.<\/p><\/div><\/div>\t\t<\/div>\n\t\t\t\t<\/div>\n\t\t\t\t\t<\/div>\n\t\t<\/div>\n\t\t\t\t\t\t\t<\/div>\n\t\t<\/section>\n\t\t\t\t<section class=\"elementor-section elementor-top-section elementor-element elementor-element-0a15bb3 elementor-section-boxed elementor-section-height-default elementor-section-height-default\" data-id=\"0a15bb3\" data-element_type=\"section\">\n\t\t\t\t\t\t\t<div class=\"elementor-background-overlay\"><\/div>\n\t\t\t\t\t\t\t<div class=\"elementor-container elementor-column-gap-default\">\n\t\t\t\t\t<div class=\"elementor-column elementor-col-50 elementor-top-column elementor-element elementor-element-09b16a0\" data-id=\"09b16a0\" data-element_type=\"column\" data-settings=\"{&quot;background_background&quot;:&quot;classic&quot;}\">\n\t\t\t<div class=\"elementor-widget-wrap elementor-element-populated\">\n\t\t\t\t\t\t\t\t<div class=\"elementor-element elementor-element-8cbc6f5 elementor-widget elementor-widget-image\" data-id=\"8cbc6f5\" data-element_type=\"widget\" data-widget_type=\"image.default\">\n\t\t\t\t<div class=\"elementor-widget-container\">\n\t\t\t<style>\/*! elementor - v3.15.0 - 20-08-2023 *\/\n.elementor-widget-image{text-align:center}.elementor-widget-image a{display:inline-block}.elementor-widget-image a img[src$=\".svg\"]{width:48px}.elementor-widget-image img{vertical-align:middle;display:inline-block}<\/style>\t\t\t\t\t\t\t\t\t\t\t\t<img loading=\"lazy\" decoding=\"async\" width=\"1024\" height=\"1024\" src=\"https:\/\/opencnc.mx\/wordpress\/wp-content\/uploads\/2023\/09\/marcelovx23_raw_photo_of_engineer_developing_a_cnc_router_machi_527f7570-c026-4632-8bdf-d2c9a53b1182.png\" class=\"attachment-large size-large wp-image-154\" alt=\"\" srcset=\"https:\/\/opencnc.mx\/wordpress\/wp-content\/uploads\/2023\/09\/marcelovx23_raw_photo_of_engineer_developing_a_cnc_router_machi_527f7570-c026-4632-8bdf-d2c9a53b1182.png 1024w, https:\/\/opencnc.mx\/wordpress\/wp-content\/uploads\/2023\/09\/marcelovx23_raw_photo_of_engineer_developing_a_cnc_router_machi_527f7570-c026-4632-8bdf-d2c9a53b1182-300x300.png 300w, https:\/\/opencnc.mx\/wordpress\/wp-content\/uploads\/2023\/09\/marcelovx23_raw_photo_of_engineer_developing_a_cnc_router_machi_527f7570-c026-4632-8bdf-d2c9a53b1182-150x150.png 150w, https:\/\/opencnc.mx\/wordpress\/wp-content\/uploads\/2023\/09\/marcelovx23_raw_photo_of_engineer_developing_a_cnc_router_machi_527f7570-c026-4632-8bdf-d2c9a53b1182-768x768.png 768w\" sizes=\"auto, (max-width: 1024px) 100vw, 1024px\" \/>\t\t\t\t\t\t\t\t\t\t\t\t\t\t\t<\/div>\n\t\t\t\t<\/div>\n\t\t\t\t\t<\/div>\n\t\t<\/div>\n\t\t\t\t<div class=\"elementor-column elementor-col-50 elementor-top-column elementor-element elementor-element-f6586b6\" data-id=\"f6586b6\" data-element_type=\"column\">\n\t\t\t<div class=\"elementor-widget-wrap elementor-element-populated\">\n\t\t\t\t\t\t\t\t<div class=\"elementor-element elementor-element-b9b4552 elementor-widget elementor-widget-text-editor\" data-id=\"b9b4552\" data-element_type=\"widget\" data-widget_type=\"text-editor.default\">\n\t\t\t\t<div class=\"elementor-widget-container\">\n\t\t\t\t\t\t\t<p><span style=\"color: #374151; font-family: S\u00f6hne, ui-sans-serif, system-ui, -apple-system, 'Segoe UI', Roboto, Ubuntu, Cantarell, 'Noto Sans', sans-serif, 'Helvetica Neue', Arial, 'Apple Color Emoji', 'Segoe UI Emoji', 'Segoe UI Symbol', 'Noto Color Emoji'; font-size: 16px; white-space-collapse: preserve; background-color: #f7f7f8;\">Explora nuestra plataforma para descubrir todo lo que hemos preparado para ti. Bajo la pesta\u00f1a &#8216;Proyectos&#8217;, te aguardan archivos completos y detallados de cada iniciativa, listos para ser descargados y poner en marcha tus ideas. Si te encuentras buscando piezas espec\u00edficas o componentes esenciales, dir\u00edgete a la pesta\u00f1a &#8216;Tienda&#8217;. All\u00ed, podr\u00e1s adquirir de forma inmediata todo lo que necesites para materializar tus proyectos sin complicaciones. Nos esforzamos por ser tu recurso integral, desde la inspiraci\u00f3n hasta la ejecuci\u00f3n<\/span><\/p>\t\t\t\t\t\t<\/div>\n\t\t\t\t<\/div>\n\t\t\t\t\t<\/div>\n\t\t<\/div>\n\t\t\t\t\t\t\t<\/div>\n\t\t<\/section>\n\t\t\t\t\t\t\t<\/div>\n\t\t","protected":false},"excerpt":{"rendered":"<p>OpenCNC Starter Tu puerta al mundo del CNC est\u00e1 aqu\u00ed. Compacta, accesible y ultra flexible: c\u00f3mprala completa, en partes, o constr\u00fayela t\u00fa mismo. Proyecto abierto para todos.&nbsp; Ver Mas! El Garage Creativo Opencnc.mx: Fundado para compartir abiertamente los innovadores proyectos de nuestro canal en YouTube, &#8220;El Garage Creativo&#8221;, y para todos aquellos apasionados por intercambiar &hellip;<\/p>\n<p class=\"read-more\"> <a class=\"\" href=\"https:\/\/opencnc.mx\/wordpress\/\"> <span class=\"screen-reader-text\">Inicio<\/span> Leer m\u00e1s &raquo;<\/a><\/p>\n","protected":false},"author":1,"featured_media":0,"parent":0,"menu_order":0,"comment_status":"closed","ping_status":"closed","template":"","meta":{"_eb_attr":"","site-sidebar-layout":"no-sidebar","site-content-layout":"","ast-site-content-layout":"full-width-container","site-content-style":"default","site-sidebar-style":"default","ast-global-header-display":"","ast-banner-title-visibility":"","ast-main-header-display":"","ast-hfb-above-header-display":"","ast-hfb-below-header-display":"","ast-hfb-mobile-header-display":"","site-post-title":"disabled","ast-breadcrumbs-content":"","ast-featured-img":"disabled","footer-sml-layout":"","theme-transparent-header-meta":"","adv-header-id-meta":"","stick-header-meta":"","header-above-stick-meta":"","header-main-stick-meta":"","header-below-stick-meta":"","astra-migrate-meta-layouts":"","footnotes":""},"class_list":["post-28","page","type-page","status-publish","hentry"],"_links":{"self":[{"href":"https:\/\/opencnc.mx\/wordpress\/index.php\/wp-json\/wp\/v2\/pages\/28","targetHints":{"allow":["GET"]}}],"collection":[{"href":"https:\/\/opencnc.mx\/wordpress\/index.php\/wp-json\/wp\/v2\/pages"}],"about":[{"href":"https:\/\/opencnc.mx\/wordpress\/index.php\/wp-json\/wp\/v2\/types\/page"}],"author":[{"embeddable":true,"href":"https:\/\/opencnc.mx\/wordpress\/index.php\/wp-json\/wp\/v2\/users\/1"}],"replies":[{"embeddable":true,"href":"https:\/\/opencnc.mx\/wordpress\/index.php\/wp-json\/wp\/v2\/comments?post=28"}],"version-history":[{"count":68,"href":"https:\/\/opencnc.mx\/wordpress\/index.php\/wp-json\/wp\/v2\/pages\/28\/revisions"}],"predecessor-version":[{"id":167,"href":"https:\/\/opencnc.mx\/wordpress\/index.php\/wp-json\/wp\/v2\/pages\/28\/revisions\/167"}],"wp:attachment":[{"href":"https:\/\/opencnc.mx\/wordpress\/index.php\/wp-json\/wp\/v2\/media?parent=28"}],"curies":[{"name":"wp","href":"https:\/\/api.w.org\/{rel}","templated":true}]}}